{"id":11,"date":"2017-06-09T08:58:25","date_gmt":"2017-06-09T06:58:25","guid":{"rendered":"http:\/\/mobilegauge.de\/?page_id=11"},"modified":"2023-09-23T19:08:50","modified_gmt":"2023-09-23T17:08:50","slug":"startseite","status":"publish","type":"page","link":"https:\/\/mobilegauge.de\/?page_id=11","title":{"rendered":"FAQ"},"content":{"rendered":"<p><strong>Was ist MobileGauge?<\/strong><\/p>\n<p>Kurz erkl\u00e4rt ersetzt MobileGauge klassische Zusatzinstrumente im Fahrzeug und stellt die Werte\u00a0\u00fcber eine App auf einem Android Ger\u00e4t dar.<\/p>\n<p><strong>Woraus\u00a0besteht MobileGauge?<\/strong><\/p>\n<p>MobileGauge ist eine kleine Box von ca. 10x10x6cm , die unauff\u00e4llig unter dem Beifahrersitz oder dem Armaturenbrett montiert wird. An diese Box werden die verschiedenen Sensoren angeschlossen.<\/p>\n<figure id=\"attachment_15\" aria-describedby=\"caption-attachment-15\" style=\"width: 474px\" class=\"wp-caption alignnone\"><img decoding=\"async\" loading=\"lazy\" class=\"wp-image-15 size-large\" src=\"http:\/\/mobilegauge.de\/wp-37bce-content\/uploads\/2017\/06\/MobileGauge-1.0-3-1024x478.jpg\" alt=\"\" width=\"474\" height=\"221\" srcset=\"https:\/\/mobilegauge.de\/wp-37bce-content\/uploads\/2017\/06\/MobileGauge-1.0-3-1024x478.jpg 1024w, https:\/\/mobilegauge.de\/wp-37bce-content\/uploads\/2017\/06\/MobileGauge-1.0-3-300x140.jpg 300w, https:\/\/mobilegauge.de\/wp-37bce-content\/uploads\/2017\/06\/MobileGauge-1.0-3-768x358.jpg 768w, https:\/\/mobilegauge.de\/wp-37bce-content\/uploads\/2017\/06\/MobileGauge-1.0-3.jpg 1919w\" sizes=\"(max-width: 474px) 100vw, 474px\" \/><figcaption id=\"caption-attachment-15\" class=\"wp-caption-text\">MobileGauge Box klein<\/figcaption><\/figure>\n<p>In der Box befindet sich eine speziell entwickelte Platine mit einem Microprozessor, der die verschiedenen Sensorwerte verarbeitet. Danach werden die Werte per Bluetooth drahtlos versendet.<\/p>\n<p>&nbsp;<\/p>\n<figure id=\"attachment_16\" aria-describedby=\"caption-attachment-16\" style=\"width: 474px\" class=\"wp-caption alignnone\"><a href=\"http:\/\/mobilegauge.de\/wp-37bce-content\/uploads\/2017\/06\/MobileGauge-1.0-4.jpg\"><img decoding=\"async\" loading=\"lazy\" class=\"wp-image-16 size-large\" src=\"http:\/\/mobilegauge.de\/wp-37bce-content\/uploads\/2017\/06\/MobileGauge-1.0-4-1024x478.jpg\" alt=\"\" width=\"474\" height=\"221\" srcset=\"https:\/\/mobilegauge.de\/wp-37bce-content\/uploads\/2017\/06\/MobileGauge-1.0-4-1024x478.jpg 1024w, https:\/\/mobilegauge.de\/wp-37bce-content\/uploads\/2017\/06\/MobileGauge-1.0-4-300x140.jpg 300w, https:\/\/mobilegauge.de\/wp-37bce-content\/uploads\/2017\/06\/MobileGauge-1.0-4-768x358.jpg 768w, https:\/\/mobilegauge.de\/wp-37bce-content\/uploads\/2017\/06\/MobileGauge-1.0-4.jpg 1919w\" sizes=\"(max-width: 474px) 100vw, 474px\" \/><\/a><figcaption id=\"caption-attachment-16\" class=\"wp-caption-text\">MobileGauge Box klein innen<\/figcaption><\/figure>\n<p>Dabei werden die Daten bereits so aufgearbeitet, das f\u00fcr die Anzeige auf einem mobilen Ger\u00e4t (z.B. Handy oder Tablet) nur noch eine OBD2 App gestartet werden muss. Hierf\u00fcr eignet sich z.B die kostenlose App Torque.<\/p>\n","protected":false},"excerpt":{"rendered":"<p>Was ist MobileGauge? Kurz erkl\u00e4rt ersetzt MobileGauge klassische Zusatzinstrumente im Fahrzeug und stellt die Werte\u00a0\u00fcber eine App auf einem Android Ger\u00e4t dar. Woraus\u00a0besteht MobileGauge? MobileGauge ist eine kleine Box von ca. 10x10x6cm , die unauff\u00e4llig unter dem Beifahrersitz oder dem Armaturenbrett montiert wird. An diese Box werden die verschiedenen Sensoren angeschlossen. In der Box befindet&#8230; <a class=\"more-link\" href=\"https:\/\/mobilegauge.de\/?page_id=11#more-11\">Weiterlesen &rarr;<\/a><\/p>\n","protected":false},"author":1,"featured_media":0,"parent":0,"menu_order":2,"comment_status":"closed","ping_status":"closed","template":"templates\/full-width-page.php","meta":{"footnotes":""},"_links":{"self":[{"href":"https:\/\/mobilegauge.de\/index.php?rest_route=\/wp\/v2\/pages\/11"}],"collection":[{"href":"https:\/\/mobilegauge.de\/index.php?rest_route=\/wp\/v2\/pages"}],"about":[{"href":"https:\/\/mobilegauge.de\/index.php?rest_route=\/wp\/v2\/types\/page"}],"author":[{"embeddable":true,"href":"https:\/\/mobilegauge.de\/index.php?rest_route=\/wp\/v2\/users\/1"}],"replies":[{"embeddable":true,"href":"https:\/\/mobilegauge.de\/index.php?rest_route=%2Fwp%2Fv2%2Fcomments&post=11"}],"version-history":[{"count":13,"href":"https:\/\/mobilegauge.de\/index.php?rest_route=\/wp\/v2\/pages\/11\/revisions"}],"predecessor-version":[{"id":80,"href":"https:\/\/mobilegauge.de\/index.php?rest_route=\/wp\/v2\/pages\/11\/revisions\/80"}],"wp:attachment":[{"href":"https:\/\/mobilegauge.de\/index.php?rest_route=%2Fwp%2Fv2%2Fmedia&parent=11"}],"curies":[{"name":"wp","href":"https:\/\/api.w.org\/{rel}","templated":true}]}}