{"id":55,"date":"2018-09-30T21:55:53","date_gmt":"2018-09-30T19:55:53","guid":{"rendered":"http:\/\/mobilegauge.de\/?page_id=55"},"modified":"2023-09-23T19:18:31","modified_gmt":"2023-09-23T17:18:31","slug":"ccmeter","status":"publish","type":"page","link":"http:\/\/mobilegauge.de\/?page_id=55","title":{"rendered":"CCmeter"},"content":{"rendered":"<p>Das Projekt CCmeter basiert auf der gleichen Box mit den gleichen Anschlussm\u00f6glichkeiten wie MobileGauge, besitzt aber kein Bluetooth-Modul sondern eine SD Karte f\u00fcr Daten Logs.<\/p>\n<p>Die Version CCmeter besitzt ein verkabeltes Touchdisplay von Nextion, das von jedem Benutzer selbst nach eigenen W\u00fcnschen umgestaltet werden kann. Da das Display sehr leicht ist kann man es z.B. mit einer einfachen Halterung am Armaturenbrett befestigen. Die Messbox und das Display haben einen Stecker, so dass das Display einfach entfernt werden kann. So kann die Anzeige ganz schnell und einfach abgenommen werden.<\/p>\n<p>Hier ein paar m\u00f6gliche Anzeigen:<\/p>\n<figure id=\"attachment_58\" aria-describedby=\"caption-attachment-58\" style=\"width: 300px\" class=\"wp-caption alignnone\"><a href=\"http:\/\/mobilegauge.de\/wp-37bce-content\/uploads\/2018\/09\/5-Zeiger.jpg\"><img decoding=\"async\" loading=\"lazy\" class=\"size-medium wp-image-58\" src=\"http:\/\/mobilegauge.de\/wp-37bce-content\/uploads\/2018\/09\/5-Zeiger-300x205.jpg\" alt=\"\" width=\"300\" height=\"205\" srcset=\"http:\/\/mobilegauge.de\/wp-37bce-content\/uploads\/2018\/09\/5-Zeiger-300x205.jpg 300w, http:\/\/mobilegauge.de\/wp-37bce-content\/uploads\/2018\/09\/5-Zeiger.jpg 469w\" sizes=\"(max-width: 300px) 100vw, 300px\" \/><\/a><figcaption id=\"caption-attachment-58\" class=\"wp-caption-text\">Zeiger f\u00fcr \u00d6ldruck, \u00d6ltemperatur, Batteriespannung, K\u00fchlwassertemperatur und Drehzahl. Zus\u00e4tzliche Anzeigen von Geschwindigkeit und von zwei Lambda-Sonden<\/figcaption><\/figure>\n<figure id=\"attachment_57\" aria-describedby=\"caption-attachment-57\" style=\"width: 300px\" class=\"wp-caption alignnone\"><a href=\"http:\/\/mobilegauge.de\/wp-37bce-content\/uploads\/2018\/09\/4-Zeiger.jpg\"><img decoding=\"async\" loading=\"lazy\" class=\"size-medium wp-image-57\" src=\"http:\/\/mobilegauge.de\/wp-37bce-content\/uploads\/2018\/09\/4-Zeiger-300x185.jpg\" alt=\"\" width=\"300\" height=\"185\" srcset=\"http:\/\/mobilegauge.de\/wp-37bce-content\/uploads\/2018\/09\/4-Zeiger-300x185.jpg 300w, http:\/\/mobilegauge.de\/wp-37bce-content\/uploads\/2018\/09\/4-Zeiger.jpg 463w\" sizes=\"(max-width: 300px) 100vw, 300px\" \/><\/a><figcaption id=\"caption-attachment-57\" class=\"wp-caption-text\">Zeiger f\u00fcr \u00d6ldruck, \u00d6ltemperatur, Batteriespannung und K\u00fchlwassertemperatur. Zus\u00e4tzliche Anzeigen von Geschwindigkeit und Drehzahl<\/figcaption><\/figure>\n<figure id=\"attachment_56\" aria-describedby=\"caption-attachment-56\" style=\"width: 300px\" class=\"wp-caption alignnone\"><a href=\"http:\/\/mobilegauge.de\/wp-37bce-content\/uploads\/2018\/09\/2-Zeiger.jpg\"><img decoding=\"async\" loading=\"lazy\" class=\"size-medium wp-image-56\" src=\"http:\/\/mobilegauge.de\/wp-37bce-content\/uploads\/2018\/09\/2-Zeiger-300x199.jpg\" alt=\"\" width=\"300\" height=\"199\" srcset=\"http:\/\/mobilegauge.de\/wp-37bce-content\/uploads\/2018\/09\/2-Zeiger-300x199.jpg 300w, http:\/\/mobilegauge.de\/wp-37bce-content\/uploads\/2018\/09\/2-Zeiger.jpg 447w\" sizes=\"(max-width: 300px) 100vw, 300px\" \/><\/a><figcaption id=\"caption-attachment-56\" class=\"wp-caption-text\">Zeiger f\u00fcr \u00d6ldruck und \u00d6ltemperatur.<br \/>Zus\u00e4tzliche Anzeigen von Geschwindigkeit, Drehzahl, Zeit und Datum<\/figcaption><\/figure>\n<figure id=\"attachment_59\" aria-describedby=\"caption-attachment-59\" style=\"width: 300px\" class=\"wp-caption alignnone\"><a href=\"http:\/\/mobilegauge.de\/wp-37bce-content\/uploads\/2018\/09\/Drehzahmesser.jpg\"><img decoding=\"async\" loading=\"lazy\" class=\"size-medium wp-image-59\" src=\"http:\/\/mobilegauge.de\/wp-37bce-content\/uploads\/2018\/09\/Drehzahmesser-300x187.jpg\" alt=\"\" width=\"300\" height=\"187\" srcset=\"http:\/\/mobilegauge.de\/wp-37bce-content\/uploads\/2018\/09\/Drehzahmesser-300x187.jpg 300w, http:\/\/mobilegauge.de\/wp-37bce-content\/uploads\/2018\/09\/Drehzahmesser.jpg 460w\" sizes=\"(max-width: 300px) 100vw, 300px\" \/><\/a><figcaption id=\"caption-attachment-59\" class=\"wp-caption-text\">Drehzahlmesser in einer anderen Version mit zus\u00e4tzlichen Anzeigen f\u00fcr \u00d6ldruck, \u00d6ltemperatur, Batteriespannung und K\u00fchlwassertemperatur<\/figcaption><\/figure>\n<figure id=\"attachment_60\" aria-describedby=\"caption-attachment-60\" style=\"width: 300px\" class=\"wp-caption alignnone\"><a href=\"http:\/\/mobilegauge.de\/wp-37bce-content\/uploads\/2018\/09\/Main.jpg\"><img decoding=\"async\" loading=\"lazy\" class=\"size-medium wp-image-60\" src=\"http:\/\/mobilegauge.de\/wp-37bce-content\/uploads\/2018\/09\/Main-300x190.jpg\" alt=\"\" width=\"300\" height=\"190\" srcset=\"http:\/\/mobilegauge.de\/wp-37bce-content\/uploads\/2018\/09\/Main-300x190.jpg 300w, http:\/\/mobilegauge.de\/wp-37bce-content\/uploads\/2018\/09\/Main.jpg 467w\" sizes=\"(max-width: 300px) 100vw, 300px\" \/><\/a><figcaption id=\"caption-attachment-60\" class=\"wp-caption-text\">Multi-Anzeige mit sehr vielen Anzeigen und zur\u00fccksetzbarem Tripcounter 2<\/figcaption><\/figure>\n<p>Das Display bietet viele M\u00f6glichkeiten der individuellen Anpassung und ist in unterschiedlichen Gr\u00f6\u00dfen und Aufl\u00f6sungen bis 7&#8243; erh\u00e4ltlich. Der entsprechende Rahmen wird mit einem 3D-Drucker erstellt und ist nur unwesentlich gr\u00f6\u00dfer als das Display.<\/p>\n","protected":false},"excerpt":{"rendered":"<p>Das Projekt CCmeter basiert auf der gleichen Box mit den gleichen Anschlussm\u00f6glichkeiten wie MobileGauge, besitzt aber kein Bluetooth-Modul sondern eine SD Karte f\u00fcr Daten Logs. Die Version CCmeter besitzt ein verkabeltes Touchdisplay von Nextion, das von jedem Benutzer selbst nach eigenen W\u00fcnschen umgestaltet werden kann. Da das Display sehr leicht ist kann man es z.B&#8230;. <a class=\"more-link\" href=\"http:\/\/mobilegauge.de\/?page_id=55#more-55\">Weiterlesen &rarr;<\/a><\/p>\n","protected":false},"author":1,"featured_media":0,"parent":0,"menu_order":0,"comment_status":"closed","ping_status":"closed","template":"","meta":{"footnotes":""},"_links":{"self":[{"href":"http:\/\/mobilegauge.de\/index.php?rest_route=\/wp\/v2\/pages\/55"}],"collection":[{"href":"http:\/\/mobilegauge.de\/index.php?rest_route=\/wp\/v2\/pages"}],"about":[{"href":"http:\/\/mobilegauge.de\/index.php?rest_route=\/wp\/v2\/types\/page"}],"author":[{"embeddable":true,"href":"http:\/\/mobilegauge.de\/index.php?rest_route=\/wp\/v2\/users\/1"}],"replies":[{"embeddable":true,"href":"http:\/\/mobilegauge.de\/index.php?rest_route=%2Fwp%2Fv2%2Fcomments&post=55"}],"version-history":[{"count":3,"href":"http:\/\/mobilegauge.de\/index.php?rest_route=\/wp\/v2\/pages\/55\/revisions"}],"predecessor-version":[{"id":82,"href":"http:\/\/mobilegauge.de\/index.php?rest_route=\/wp\/v2\/pages\/55\/revisions\/82"}],"wp:attachment":[{"href":"http:\/\/mobilegauge.de\/index.php?rest_route=%2Fwp%2Fv2%2Fmedia&parent=55"}],"curies":[{"name":"wp","href":"https:\/\/api.w.org\/{rel}","templated":true}]}}