{"id":42,"date":"2017-09-19T21:33:11","date_gmt":"2017-09-19T19:33:11","guid":{"rendered":"http:\/\/mobilegauge.de\/?page_id=42"},"modified":"2017-09-19T21:33:42","modified_gmt":"2017-09-19T19:33:42","slug":"kontakt","status":"publish","type":"page","link":"http:\/\/mobilegauge.de\/?page_id=42","title":{"rendered":"Kontakt"},"content":{"rendered":"<p>MobileGauge wird entwickelt von:<\/p>\n<p>Ren\u00e9 Fa\u00dfbender<\/p>\n<p>53604 Bad Honnef<\/p>\n<p>rene.fassbender(\u00e4t)gmx.de<\/p>\n","protected":false},"excerpt":{"rendered":"<p>MobileGauge wird entwickelt von: Ren\u00e9 Fa\u00dfbender 53604 Bad Honnef rene.fassbender(\u00e4t)gmx.de<\/p>\n","protected":false},"author":1,"featured_media":0,"parent":0,"menu_order":3,"comment_status":"closed","ping_status":"closed","template":"templates\/full-width-page.php","meta":{"footnotes":""},"_links":{"self":[{"href":"http:\/\/mobilegauge.de\/index.php?rest_route=\/wp\/v2\/pages\/42"}],"collection":[{"href":"http:\/\/mobilegauge.de\/index.php?rest_route=\/wp\/v2\/pages"}],"about":[{"href":"http:\/\/mobilegauge.de\/index.php?rest_route=\/wp\/v2\/types\/page"}],"author":[{"embeddable":true,"href":"http:\/\/mobilegauge.de\/index.php?rest_route=\/wp\/v2\/users\/1"}],"replies":[{"embeddable":true,"href":"http:\/\/mobilegauge.de\/index.php?rest_route=%2Fwp%2Fv2%2Fcomments&post=42"}],"version-history":[{"count":1,"href":"http:\/\/mobilegauge.de\/index.php?rest_route=\/wp\/v2\/pages\/42\/revisions"}],"predecessor-version":[{"id":43,"href":"http:\/\/mobilegauge.de\/index.php?rest_route=\/wp\/v2\/pages\/42\/revisions\/43"}],"wp:attachment":[{"href":"http:\/\/mobilegauge.de\/index.php?rest_route=%2Fwp%2Fv2%2Fmedia&parent=42"}],"curies":[{"name":"wp","href":"https:\/\/api.w.org\/{rel}","templated":true}]}}