{"id":22,"date":"2017-06-09T20:27:31","date_gmt":"2017-06-09T18:27:31","guid":{"rendered":"http:\/\/mobilegauge.de\/?page_id=22"},"modified":"2023-09-23T19:19:34","modified_gmt":"2023-09-23T17:19:34","slug":"home","status":"publish","type":"page","link":"http:\/\/mobilegauge.de\/","title":{"rendered":"Allgemeines zu MobileGauge &#038; CCmeter"},"content":{"rendered":"<p>Sie haben einen Oldtimer oder Jungtimer und h\u00e4tten gerne (noch mehr) Zusatzinstrumente, aber keinen Platz daf\u00fcr?<\/p>\n<p>Aber Sie m\u00f6chten gleichzeitig die Optik ihres Armaturenbretts behalten, wie z.B. bei diesem K\u00e4fer?<\/p>\n<figure id=\"attachment_23\" aria-describedby=\"caption-attachment-23\" style=\"width: 474px\" class=\"wp-caption aligncenter\"><a href=\"http:\/\/mobilegauge.de\/wp-37bce-content\/uploads\/2017\/06\/Armaturenbrett-K\u00e4fer.jpg\"><img decoding=\"async\" loading=\"lazy\" class=\"wp-image-23 size-large\" src=\"http:\/\/mobilegauge.de\/wp-37bce-content\/uploads\/2017\/06\/Armaturenbrett-K\u00e4fer-1024x554.jpg\" alt=\"\" width=\"474\" height=\"256\" srcset=\"http:\/\/mobilegauge.de\/wp-37bce-content\/uploads\/2017\/06\/Armaturenbrett-K\u00e4fer-1024x554.jpg 1024w, http:\/\/mobilegauge.de\/wp-37bce-content\/uploads\/2017\/06\/Armaturenbrett-K\u00e4fer-300x162.jpg 300w, http:\/\/mobilegauge.de\/wp-37bce-content\/uploads\/2017\/06\/Armaturenbrett-K\u00e4fer-768x416.jpg 768w\" sizes=\"(max-width: 474px) 100vw, 474px\" \/><\/a><figcaption id=\"caption-attachment-23\" class=\"wp-caption-text\">Armaturenbrett K\u00e4fer<\/figcaption><\/figure>\n<p>Dann habe ich mit MobileGauge bzw. CCmeter <strong>die<\/strong> L\u00f6sung f\u00fcr Sie!<\/p>\n<p>Bei beiden Systemen wird unauff\u00e4llig im Fahrzeug eine Box verbaut und mit Sensoren (z.B. von VDO) verbunden. Diese Box wertet die Sensoren und Signale aus. Das Funktionsprinzip ist hier schematisch dargestellt:<\/p>\n<p><a href=\"http:\/\/mobilegauge.de\/wp-37bce-content\/uploads\/2017\/06\/Function-Diagram.jpg\"><img decoding=\"async\" loading=\"lazy\" class=\"aligncenter wp-image-24 size-large\" src=\"http:\/\/mobilegauge.de\/wp-37bce-content\/uploads\/2017\/06\/Function-Diagram-1024x768.jpg\" alt=\"\" width=\"736\" height=\"552\" srcset=\"http:\/\/mobilegauge.de\/wp-37bce-content\/uploads\/2017\/06\/Function-Diagram-1024x768.jpg 1024w, http:\/\/mobilegauge.de\/wp-37bce-content\/uploads\/2017\/06\/Function-Diagram-300x225.jpg 300w, http:\/\/mobilegauge.de\/wp-37bce-content\/uploads\/2017\/06\/Function-Diagram-768x576.jpg 768w, http:\/\/mobilegauge.de\/wp-37bce-content\/uploads\/2017\/06\/Function-Diagram.jpg 1190w\" sizes=\"(max-width: 736px) 100vw, 736px\" \/><\/a><\/p>\n<p>Und so sieht das dann in der Realit\u00e4t aus:<\/p>\n<figure id=\"attachment_46\" aria-describedby=\"caption-attachment-46\" style=\"width: 665px\" class=\"wp-caption aligncenter\"><a href=\"http:\/\/mobilegauge.de\/wp-37bce-content\/uploads\/2017\/06\/Ausstellungsst\u00fcck-01.jpg\"><img decoding=\"async\" loading=\"lazy\" class=\"wp-image-46 size-large\" src=\"http:\/\/mobilegauge.de\/wp-37bce-content\/uploads\/2017\/06\/Ausstellungsst\u00fcck-01-665x1024.jpg\" alt=\"Verdrahteter Prototyp\" width=\"665\" height=\"1024\" srcset=\"http:\/\/mobilegauge.de\/wp-37bce-content\/uploads\/2017\/06\/Ausstellungsst\u00fcck-01-665x1024.jpg 665w, http:\/\/mobilegauge.de\/wp-37bce-content\/uploads\/2017\/06\/Ausstellungsst\u00fcck-01-195x300.jpg 195w, http:\/\/mobilegauge.de\/wp-37bce-content\/uploads\/2017\/06\/Ausstellungsst\u00fcck-01-768x1182.jpg 768w, http:\/\/mobilegauge.de\/wp-37bce-content\/uploads\/2017\/06\/Ausstellungsst\u00fcck-01-1400x2155.jpg 1400w, http:\/\/mobilegauge.de\/wp-37bce-content\/uploads\/2017\/06\/Ausstellungsst\u00fcck-01-600x924.jpg 600w\" sizes=\"(max-width: 665px) 100vw, 665px\" \/><\/a><figcaption id=\"caption-attachment-46\" class=\"wp-caption-text\">Verdrahteter Prototyp<\/figcaption><\/figure>\n<p>Die genaue Konfiguration erfolgt dabei immer nach Kundenwunsch . So k\u00f6nnen die unterschiedlichsten W\u00fcnsche bez\u00fcglich Sensoren und Fahrzeug erf\u00fcllt werden.<\/p>\n<p>Die Anzeige der Werte erfolgt bei MobileGauge \u00fcber eine OBD2 App (z.B. Torque). Bei CCmeter werden die Werte \u00fcber ein kleines verkabeltes Touch-Display angezeigt.<\/p>\n<p><strong>Welche Daten k\u00f6nnen angezeigt werden?<\/strong><\/p>\n<p>In der Basisversion k\u00f6nnen die folgenden Werte angezeigt werden, sofern die vorhandenen Sensoren\/Geber angeschlossen sind:<\/p>\n<ul>\n<li>Batteriespannung<\/li>\n<li>\u00d6ldruck (mit VDO-Geber 0-5bar)<\/li>\n<li>\u00d6ltemperatur (mit VDO-Geber 150\u00b0C)<\/li>\n<li>K\u00fchlwassertemperatur (mit VDO-Geber 120\u00b0C)<\/li>\n<li>Getriebetemperatur (mit VDO-Geber 150\u00b0C)<\/li>\n<li>Reservedruck (mit VDO-Geber 0-5bar)<\/li>\n<li>Reservetemperatur<\/li>\n<li>Drehzahl (\u00fcber Klemme 1 an der Z\u00fcndspule)<\/li>\n<li>Geschwindigkeit\u00a0(mit Hallsensor)<\/li>\n<li>Wegstrecke (mit Hallsensor)<\/li>\n<li>Verbrauch (mit Durchflussmesser)<\/li>\n<li>Luftdruck Umgebung<\/li>\n<li>\u00dcber-\/Unterdruck im Ansaugtrakt (-1 bis +2 bar)<\/li>\n<li>Au\u00dfentemperatur<\/li>\n<li>Uhrzeit<\/li>\n<\/ul>\n<p>Die Box ist problemlos mit maximal 3 Breitband-Lambda Controllern der <a href=\"http:\/\/www.breitband-lambda.de\/\" target=\"_blank\" rel=\"noopener\">Fa. Kn\u00f6dler<\/a> oder anderen erweiterbar.<\/p>\n<p>Es gibt zwei Ausg\u00e4nge an der Box. \u00dcber den erste Ausgang kann bei zu hoher K\u00fchlwassertemperatur ein Relais geschaltet werden. Der zweite Ausgang wird angesteuert wenn der Motor l\u00e4uft (z.B. Benzinpumpe).<\/p>\n<p>Dar\u00fcber hinaus verf\u00fcgt die Platine \u00fcber zus\u00e4tzliche Schnittstellen f\u00fcr analoge und digitale Inputs. Damit kann man z.B. die Zylinderkopf- oder Abgastemperaturen von 4\u00a0F\u00fchlern Typ-K\u00a0messen.<\/p>\n","protected":false},"excerpt":{"rendered":"<p>Sie haben einen Oldtimer oder Jungtimer und h\u00e4tten gerne (noch mehr) Zusatzinstrumente, aber keinen Platz daf\u00fcr? Aber Sie m\u00f6chten gleichzeitig die Optik ihres Armaturenbretts behalten, wie z.B. bei diesem K\u00e4fer? Dann habe ich mit MobileGauge bzw. CCmeter die L\u00f6sung f\u00fcr Sie! Bei beiden Systemen wird unauff\u00e4llig im Fahrzeug eine Box verbaut und mit Sensoren (z.B&#8230;. <a class=\"more-link\" href=\"http:\/\/mobilegauge.de\/#more-22\">Weiterlesen &rarr;<\/a><\/p>\n","protected":false},"author":1,"featured_media":0,"parent":0,"menu_order":1,"comment_status":"closed","ping_status":"closed","template":"templates\/full-width-page.php","meta":{"footnotes":""},"_links":{"self":[{"href":"http:\/\/mobilegauge.de\/index.php?rest_route=\/wp\/v2\/pages\/22"}],"collection":[{"href":"http:\/\/mobilegauge.de\/index.php?rest_route=\/wp\/v2\/pages"}],"about":[{"href":"http:\/\/mobilegauge.de\/index.php?rest_route=\/wp\/v2\/types\/page"}],"author":[{"embeddable":true,"href":"http:\/\/mobilegauge.de\/index.php?rest_route=\/wp\/v2\/users\/1"}],"replies":[{"embeddable":true,"href":"http:\/\/mobilegauge.de\/index.php?rest_route=%2Fwp%2Fv2%2Fcomments&post=22"}],"version-history":[{"count":10,"href":"http:\/\/mobilegauge.de\/index.php?rest_route=\/wp\/v2\/pages\/22\/revisions"}],"predecessor-version":[{"id":83,"href":"http:\/\/mobilegauge.de\/index.php?rest_route=\/wp\/v2\/pages\/22\/revisions\/83"}],"wp:attachment":[{"href":"http:\/\/mobilegauge.de\/index.php?rest_route=%2Fwp%2Fv2%2Fmedia&parent=22"}],"curies":[{"name":"wp","href":"https:\/\/api.w.org\/{rel}","templated":true}]}}